{"id":6,"date":"2023-11-04T19:23:50","date_gmt":"2023-11-04T18:23:50","guid":{"rendered":"https:\/\/gazadesvisages.com\/?page_id=6"},"modified":"2023-12-14T18:36:04","modified_gmt":"2023-12-14T17:36:04","slug":"a-propos-de","status":"publish","type":"page","link":"https:\/\/gazadesvisages.com\/index.php\/a-propos-de\/","title":{"rendered":"\u00c0 propos"},"content":{"rendered":"\n<p>L&rsquo;op\u00e9ration <strong>GAZA des VISAGES<\/strong> est une campagne internationale pour re-humaniser les Palestiniens lorsque les m\u00e9dias mainstream n&rsquo;en font que des nombres.<\/p>\n\n\n\n<figure class=\"wp-block-embed is-type-photo is-provider-flickr wp-block-embed-flickr\"><div class=\"wp-block-embed__wrapper\">\n<div class=\"video-container\"><a href=\"https:\/\/flic.kr\/p\/2phRjAZ\"><img decoding=\"async\" src=\"https:\/\/live.staticflickr.com\/65535\/53355585213_b098f6bf80_z.jpg\" alt=\"gazadesvisages-web-1\" width=\"640\" height=\"259\" \/><\/a><\/div>\n<\/div><\/figure>\n\n\n\n<p>Un groupe international d\u2019artistes et de citoyens b\u00e9n\u00e9voles r\u00e9alise des portraits avec photos, noms et contexte avec les Palestiniens martyris\u00e9s et les plus de 2 millions d\u2019otages enferm\u00e9s dans un blocus inhumain par Isra\u00ebl.<br>Ces portraits sont disponibles ici en une s\u00e9rie de films courts et en images fixes pour \u00eatre diffus\u00e9s sur les r\u00e9seaux et imprim\u00e9s au format A3 en vue de veill\u00e9es de sensibilisation, partout o\u00f9 ce sera possible avec le mot d&rsquo;ordre (si possible \u00e9crit \u00e0 la lueur des bougies) :<br>CESSEZ LE FEU IMM\u00c9DIAT \u00c0 GAZA ET EN PALESTINE!<br>Chacun-e pourra adapter les slogans en fonction de l\u2019\u00e9volution de la situation sur le terrain.<\/p>\n\n\n\n<p>Chacun peut participer en nous envoyant des photos avec des noms et des histoires comme sur cette image.<\/p>\n\n\n\n<ol class=\"wp-block-list\">\n<li>Des photos des noms et des histoires des martyrs mais avant d\u2019\u00eatre d\u00e9figur\u00e9s par la mort.<\/li>\n\n\n\n<li>des photos des noms et des histoires des vivants avec un message \u00e9crit court qu\u2019ils veulent adresser au monde.<\/li>\n<\/ol>\n\n\n\n<p>Comme dit le proverbe arabe : \u201cUne seule main ne peut pas applaudir\u2026\u201d<\/p>\n\n\n\n<p>Retrouvez-nous sur votre r\u00e9seau social favori :<br><a href=\"https:\/\/t.me\/gazafaces\" target=\"_blank\" rel=\"noreferrer noopener\">Telegram<\/a> \/ <a href=\"https:\/\/www.facebook.com\/gazafaces\" target=\"_blank\" rel=\"noreferrer noopener\">Facebook<\/a> \/ <a href=\"https:\/\/www.youtube.com\/@GAZAFACES\" target=\"_blank\" rel=\"noreferrer noopener\">Youtube<\/a> \/ <a href=\"https:\/\/twitter.com\/GazaVisages\" target=\"_blank\" rel=\"noreferrer noopener\">Twitter<\/a> \/ <a href=\"https:\/\/www.instagram.com\/gazavisages\/\" target=\"_blank\" rel=\"noreferrer noopener\">Instagram<\/a> \/ <a href=\"https:\/\/www.tiktok.com\/@gazadesvisages\" target=\"_blank\" rel=\"noreferrer noopener\">TikTok<\/a> \/ <a href=\"https:\/\/www.snapchat.com\/add\/gazadesvisages\" target=\"_blank\" rel=\"noreferrer noopener\">Snapchat<\/a> \/ <a href=\"https:\/\/www.flickr.com\/photos\/199662117@N08\/albums\/72177720312936660\/\" target=\"_blank\" rel=\"noreferrer noopener\">Flickr<\/a><\/p>\n\n\n\n<p>Contact : <a href=\"mailto:gazadesvisages@gmail.com\">gazadesvisages@gmail.com<\/a> ou utilisez le formulaire ci-dessous :<\/p>\n\n\n\n<div class=\"wp-block-contact-form-7-contact-form-selector\">\n<div class=\"wpcf7 no-js\" id=\"wpcf7-f442-o1\" lang=\"fr-FR\" dir=\"ltr\">\n<div class=\"screen-reader-response\"><p role=\"status\" aria-live=\"polite\" aria-atomic=\"true\"><\/p> <ul><\/ul><\/div>\n<form action=\"\/index.php\/wp-json\/wp\/v2\/pages\/6#wpcf7-f442-o1\" method=\"post\" class=\"wpcf7-form init\" aria-label=\"Formulaire de contact\" novalidate=\"novalidate\" data-status=\"init\">\n<div style=\"display: none;\">\n<input type=\"hidden\" name=\"_wpcf7\" value=\"442\" \/>\n<input type=\"hidden\" name=\"_wpcf7_version\" value=\"5.8.3\" \/>\n<input type=\"hidden\" name=\"_wpcf7_locale\" value=\"fr_FR\" \/>\n<input type=\"hidden\" name=\"_wpcf7_unit_tag\" value=\"wpcf7-f442-o1\" \/>\n<input type=\"hidden\" name=\"_wpcf7_container_post\" value=\"0\" \/>\n<input type=\"hidden\" name=\"_wpcf7_posted_data_hash\" value=\"\" \/>\n<\/div>\n<p><label> Votre nom<br \/>\n<span class=\"wpcf7-form-control-wrap\" data-name=\"your-name\"><input size=\"40\" class=\"wpcf7-form-control wpcf7-text wpcf7-validates-as-required\" autocomplete=\"name\" aria-required=\"true\" aria-invalid=\"false\" value=\"\" type=\"text\" name=\"your-name\" \/><\/span> <\/label>\n<\/p>\n<p><label> Votre e-mail<br \/>\n<span class=\"wpcf7-form-control-wrap\" data-name=\"your-email\"><input size=\"40\" class=\"wpcf7-form-control wpcf7-email wpcf7-validates-as-required wpcf7-text wpcf7-validates-as-email\" autocomplete=\"email\" aria-required=\"true\" aria-invalid=\"false\" value=\"\" type=\"email\" name=\"your-email\" \/><\/span> <\/label>\n<\/p>\n<p><label> Objet<br \/>\n<span class=\"wpcf7-form-control-wrap\" data-name=\"your-subject\"><input size=\"40\" class=\"wpcf7-form-control wpcf7-text wpcf7-validates-as-required\" aria-required=\"true\" aria-invalid=\"false\" value=\"\" type=\"text\" name=\"your-subject\" \/><\/span> <\/label>\n<\/p>\n<p><label> Votre message<br \/>\n<span class=\"wpcf7-form-control-wrap\" data-name=\"your-message\"><textarea cols=\"40\" rows=\"10\" class=\"wpcf7-form-control wpcf7-textarea\" aria-invalid=\"false\" name=\"your-message\"><\/textarea><\/span> <\/label>\n<\/p>\n<p><input class=\"wpcf7-form-control wpcf7-submit has-spinner\" type=\"submit\" value=\"Envoyer\" \/>\n<\/p><div class=\"wpcf7-response-output\" aria-hidden=\"true\"><\/div>\n<\/form>\n<\/div>\n<\/div>\n\n\n\n<p><\/p>\n","protected":false},"excerpt":{"rendered":"<p>L&rsquo;op\u00e9ration GAZA des VISAGES est une campagne internationale pour re-humaniser les Palestiniens lorsque les m\u00e9dias mainstream n&rsquo;en font que des nombres. Un groupe international d\u2019artistes et de citoyens b\u00e9n\u00e9voles r\u00e9alise des portraits avec photos, noms et contexte avec les Palestiniens martyris\u00e9s et les plus de 2 millions d\u2019otages enferm\u00e9s dans un blocus inhumain par Isra\u00ebl.Ces&#46;&#46;&#46;<\/p>\n","protected":false},"author":1,"featured_media":10,"parent":0,"menu_order":0,"comment_status":"closed","ping_status":"closed","template":"","meta":{"footnotes":""},"class_list":["post-6","page","type-page","status-publish","has-post-thumbnail","hentry"],"_links":{"self":[{"href":"https:\/\/gazadesvisages.com\/index.php\/wp-json\/wp\/v2\/pages\/6","targetHints":{"allow":["GET"]}}],"collection":[{"href":"https:\/\/gazadesvisages.com\/index.php\/wp-json\/wp\/v2\/pages"}],"about":[{"href":"https:\/\/gazadesvisages.com\/index.php\/wp-json\/wp\/v2\/types\/page"}],"author":[{"embeddable":true,"href":"https:\/\/gazadesvisages.com\/index.php\/wp-json\/wp\/v2\/users\/1"}],"replies":[{"embeddable":true,"href":"https:\/\/gazadesvisages.com\/index.php\/wp-json\/wp\/v2\/comments?post=6"}],"version-history":[{"count":15,"href":"https:\/\/gazadesvisages.com\/index.php\/wp-json\/wp\/v2\/pages\/6\/revisions"}],"predecessor-version":[{"id":1477,"href":"https:\/\/gazadesvisages.com\/index.php\/wp-json\/wp\/v2\/pages\/6\/revisions\/1477"}],"wp:featuredmedia":[{"embeddable":true,"href":"https:\/\/gazadesvisages.com\/index.php\/wp-json\/wp\/v2\/media\/10"}],"wp:attachment":[{"href":"https:\/\/gazadesvisages.com\/index.php\/wp-json\/wp\/v2\/media?parent=6"}],"curies":[{"name":"wp","href":"https:\/\/api.w.org\/{rel}","templated":true}]}}